{"id":1160,"date":"2025-03-17T15:29:21","date_gmt":"2025-03-17T13:29:21","guid":{"rendered":"https:\/\/merotaure.lt\/?page_id=1160"},"modified":"2025-03-17T16:32:38","modified_gmt":"2025-03-17T14:32:38","slug":"2024-2025-sezonas","status":"publish","type":"page","link":"https:\/\/merotaure.lt\/?page_id=1160","title":{"rendered":"2024\/2025 sezonas"},"content":{"rendered":"<div align=\"left\"><\/div>\n<p style=\"text-align: center;\"><span style=\"font-size: 24pt;\"><strong>I vieta. VYTIS &#8211; MASA\u017dO NAMAI<\/strong><\/span><\/p>\n<p><img loading=\"lazy\" decoding=\"async\" class=\"aligncenter size-large wp-image-1155\" src=\"http:\/\/merotaure.lt\/wp-content\/uploads\/2025\/03\/FB_IMG_1742216773629-1024x683.jpg\" alt=\"\" width=\"620\" height=\"414\" srcset=\"https:\/\/merotaure.lt\/wp-content\/uploads\/2025\/03\/FB_IMG_1742216773629-1024x683.jpg 1024w, https:\/\/merotaure.lt\/wp-content\/uploads\/2025\/03\/FB_IMG_1742216773629-300x200.jpg 300w, https:\/\/merotaure.lt\/wp-content\/uploads\/2025\/03\/FB_IMG_1742216773629-768x512.jpg 768w, https:\/\/merotaure.lt\/wp-content\/uploads\/2025\/03\/FB_IMG_1742216773629-128x85.jpg 128w, https:\/\/merotaure.lt\/wp-content\/uploads\/2025\/03\/FB_IMG_1742216773629-32x21.jpg 32w, https:\/\/merotaure.lt\/wp-content\/uploads\/2025\/03\/FB_IMG_1742216773629.jpg 1080w\" sizes=\"(max-width: 620px) 100vw, 620px\" \/><\/p>\n<p style=\"text-align: center;\"><span style=\"font-size: 24pt;\"><strong>II vieta. KARKLINIAI<\/strong><\/span><\/p>\n<p><img loading=\"lazy\" decoding=\"async\" class=\"aligncenter size-large wp-image-1156\" src=\"http:\/\/merotaure.lt\/wp-content\/uploads\/2025\/03\/FB_IMG_1742216827738-1024x683.jpg\" alt=\"\" width=\"620\" height=\"414\" srcset=\"https:\/\/merotaure.lt\/wp-content\/uploads\/2025\/03\/FB_IMG_1742216827738-1024x683.jpg 1024w, https:\/\/merotaure.lt\/wp-content\/uploads\/2025\/03\/FB_IMG_1742216827738-300x200.jpg 300w, https:\/\/merotaure.lt\/wp-content\/uploads\/2025\/03\/FB_IMG_1742216827738-768x512.jpg 768w, https:\/\/merotaure.lt\/wp-content\/uploads\/2025\/03\/FB_IMG_1742216827738-128x85.jpg 128w, https:\/\/merotaure.lt\/wp-content\/uploads\/2025\/03\/FB_IMG_1742216827738-32x21.jpg 32w, https:\/\/merotaure.lt\/wp-content\/uploads\/2025\/03\/FB_IMG_1742216827738.jpg 1080w\" sizes=\"(max-width: 620px) 100vw, 620px\" \/><\/p>\n<p style=\"text-align: center;\"><span style=\"font-size: 24pt;\"><strong>III vieta. SPARTA<\/strong><\/span><\/p>\n<p><img loading=\"lazy\" decoding=\"async\" class=\"aligncenter size-large wp-image-1157\" src=\"http:\/\/merotaure.lt\/wp-content\/uploads\/2025\/03\/FB_IMG_1742216927331-1024x683.jpg\" alt=\"\" width=\"620\" height=\"414\" srcset=\"https:\/\/merotaure.lt\/wp-content\/uploads\/2025\/03\/FB_IMG_1742216927331-1024x683.jpg 1024w, https:\/\/merotaure.lt\/wp-content\/uploads\/2025\/03\/FB_IMG_1742216927331-300x200.jpg 300w, https:\/\/merotaure.lt\/wp-content\/uploads\/2025\/03\/FB_IMG_1742216927331-768x512.jpg 768w, https:\/\/merotaure.lt\/wp-content\/uploads\/2025\/03\/FB_IMG_1742216927331-128x85.jpg 128w, https:\/\/merotaure.lt\/wp-content\/uploads\/2025\/03\/FB_IMG_1742216927331-32x21.jpg 32w, https:\/\/merotaure.lt\/wp-content\/uploads\/2025\/03\/FB_IMG_1742216927331.jpg 1080w\" sizes=\"(max-width: 620px) 100vw, 620px\" \/><\/p>\n<p style=\"text-align: center;\"><span style=\"font-size: 24pt;\"><strong>2024\/2025 SEZONO MVP<\/strong><\/span><\/p>\n<p style=\"text-align: center;\"><span style=\"font-size: 24pt;\"><strong>LINAS AKSTINAVI\u010cIUS <span style=\"font-size: 12pt;\">(VYTIS &#8211; MASA\u017dO NAMAI)<\/span><\/strong><\/span><\/p>\n<p><img loading=\"lazy\" decoding=\"async\" class=\"aligncenter size-large wp-image-1158\" src=\"http:\/\/merotaure.lt\/wp-content\/uploads\/2025\/03\/FB_IMG_1742217110318-1024x683.jpg\" alt=\"\" width=\"620\" height=\"414\" srcset=\"https:\/\/merotaure.lt\/wp-content\/uploads\/2025\/03\/FB_IMG_1742217110318-1024x683.jpg 1024w, https:\/\/merotaure.lt\/wp-content\/uploads\/2025\/03\/FB_IMG_1742217110318-300x200.jpg 300w, https:\/\/merotaure.lt\/wp-content\/uploads\/2025\/03\/FB_IMG_1742217110318-768x512.jpg 768w, https:\/\/merotaure.lt\/wp-content\/uploads\/2025\/03\/FB_IMG_1742217110318-128x85.jpg 128w, https:\/\/merotaure.lt\/wp-content\/uploads\/2025\/03\/FB_IMG_1742217110318-32x21.jpg 32w, https:\/\/merotaure.lt\/wp-content\/uploads\/2025\/03\/FB_IMG_1742217110318.jpg 1080w\" sizes=\"(max-width: 620px) 100vw, 620px\" \/><\/p>\n<p style=\"text-align: center;\"><span style=\"font-size: 24pt;\"><strong>2024\/2025 SEZONO STATISTIKOS LYDERIAI<\/strong><\/span><\/p>\n<p style=\"text-align: center;\">*turi b\u016bti \u017eaid\u0119s bent pus\u0117je reguliaraus sezono rungtyni\u0173. T.y &#8211; 6.<\/p>\n<p><strong>Ta\u0161kai <\/strong>per rungtynes:<strong> Arnas Ryckis<\/strong> (Vi\u0161tytis) vidutini\u0161kai <strong>26<\/strong>.<\/p>\n<p><strong>Atkovoti kamuoliai <\/strong>per rungtynes:<strong> Aidas Sabukonis<\/strong> (Karkliniai) vidutini\u0161kai <strong>13,3<\/strong>.<\/p>\n<p><strong>Rezultatyv\u016bs perdavimai <\/strong>per rungtynes: <strong>Joris Ju\u0161kauskas<\/strong> (Bruklinas) vidutini\u0161kai <strong>7,1<\/strong>.<\/p>\n<p><strong>Perimti kamuoliai <\/strong>per rungtynes:<strong> Lukas Mar\u010diulionis<\/strong> (Karkliniai); <strong>Deividas Motiej\u016bnas<\/strong> (Vytis-Masa\u017eo namai) vidutini\u0161kai <strong>3,1<\/strong>.<\/p>\n<p><strong>Blokuoti metimai <\/strong>per rungtynes:<strong> Aidas Sabukonis<\/strong> (Karkliniai) vidutini\u0161kai <strong>1,5<\/strong>.<\/p>\n","protected":false},"excerpt":{"rendered":"<p>I vieta. VYTIS &#8211; MASA\u017dO NAMAI II vieta. KARKLINIAI III vieta. SPARTA 2024\/2025 SEZONO MVP LINAS AKSTINAVI\u010cIUS (VYTIS &#8211; MASA\u017dO NAMAI) 2024\/2025 SEZONO STATISTIKOS LYDERIAI *turi b\u016bti \u017eaid\u0119s bent pus\u0117je reguliaraus sezono rungtyni\u0173. T.y &#8211; 6. Ta\u0161kai per rungtynes: Arnas Ryckis (Vi\u0161tytis) vidutini\u0161kai 26. Atkovoti kamuoliai per rungtynes: Aidas Sabukonis (Karkliniai) vidutini\u0161kai 13,3. Rezultatyv\u016bs perdavimai [&hellip;]<\/p>\n","protected":false},"author":1,"featured_media":0,"parent":0,"menu_order":0,"comment_status":"closed","ping_status":"closed","template":"","meta":{"footnotes":""},"class_list":["post-1160","page","type-page","status-publish","hentry"],"_links":{"self":[{"href":"https:\/\/merotaure.lt\/index.php?rest_route=\/wp\/v2\/pages\/1160"}],"collection":[{"href":"https:\/\/merotaure.lt\/index.php?rest_route=\/wp\/v2\/pages"}],"about":[{"href":"https:\/\/merotaure.lt\/index.php?rest_route=\/wp\/v2\/types\/page"}],"author":[{"embeddable":true,"href":"https:\/\/merotaure.lt\/index.php?rest_route=\/wp\/v2\/users\/1"}],"replies":[{"embeddable":true,"href":"https:\/\/merotaure.lt\/index.php?rest_route=%2Fwp%2Fv2%2Fcomments&post=1160"}],"version-history":[{"count":8,"href":"https:\/\/merotaure.lt\/index.php?rest_route=\/wp\/v2\/pages\/1160\/revisions"}],"predecessor-version":[{"id":1172,"href":"https:\/\/merotaure.lt\/index.php?rest_route=\/wp\/v2\/pages\/1160\/revisions\/1172"}],"wp:attachment":[{"href":"https:\/\/merotaure.lt\/index.php?rest_route=%2Fwp%2Fv2%2Fmedia&parent=1160"}],"curies":[{"name":"wp","href":"https:\/\/api.w.org\/{rel}","templated":true}]}}