{"id":245,"date":"2023-11-15T11:41:50","date_gmt":"2023-11-15T11:41:50","guid":{"rendered":"http:\/\/merotaure.lt\/?page_id=245"},"modified":"2025-11-10T12:10:23","modified_gmt":"2025-11-10T10:10:23","slug":"nuostatai","status":"publish","type":"page","link":"https:\/\/merotaure.lt\/?page_id=245","title":{"rendered":"Nuostatai"},"content":{"rendered":"            <div class=\"embedpress-document-embed ose-document ep-doc-d7fcf3f3b136871a304a78937b86779c\" style=\"width: 1720px; height: 960px;; max-width:100%; display: block\">\n                                        <div>\n                            <iframe title=\"Vilkavi\u0161kio-rajono-krep\u0161inio-pirmenybi\u0173-nuostatai 2025-2026 su pataisymais\" allowfullscreen=\"true\" mozallowfullscreen=\"true\" webkitallowfullscreen=\"true\" style=\"width: 1720px; height: 960px;; max-width:100%;\" src=\"http:\/\/merotaure.lt\/wp-content\/uploads\/2025\/11\/Vilkaviskio-rajono-krepsinio-pirmenybiu-nuostatai-2025-2026-su-pataisymais.pdf\" data-emsrc=\"http:\/\/merotaure.lt\/wp-content\/uploads\/2025\/11\/Vilkaviskio-rajono-krepsinio-pirmenybiu-nuostatai-2025-2026-su-pataisymais.pdf\" data-emid=\"embedpress-pdf-shortcode\" class=\"embedpress-embed-document-pdf embedpress-pdf-shortcode\"><\/iframe>\n                        <\/div>\n\n                            <\/div>\n\n    \n<p>&nbsp;<\/p>\n","protected":false},"excerpt":{"rendered":"<p>&nbsp;<\/p>\n","protected":false},"author":1,"featured_media":0,"parent":0,"menu_order":0,"comment_status":"closed","ping_status":"closed","template":"","meta":{"footnotes":""},"class_list":["post-245","page","type-page","status-publish","hentry"],"_links":{"self":[{"href":"https:\/\/merotaure.lt\/index.php?rest_route=\/wp\/v2\/pages\/245"}],"collection":[{"href":"https:\/\/merotaure.lt\/index.php?rest_route=\/wp\/v2\/pages"}],"about":[{"href":"https:\/\/merotaure.lt\/index.php?rest_route=\/wp\/v2\/types\/page"}],"author":[{"embeddable":true,"href":"https:\/\/merotaure.lt\/index.php?rest_route=\/wp\/v2\/users\/1"}],"replies":[{"embeddable":true,"href":"https:\/\/merotaure.lt\/index.php?rest_route=%2Fwp%2Fv2%2Fcomments&post=245"}],"version-history":[{"count":11,"href":"https:\/\/merotaure.lt\/index.php?rest_route=\/wp\/v2\/pages\/245\/revisions"}],"predecessor-version":[{"id":1397,"href":"https:\/\/merotaure.lt\/index.php?rest_route=\/wp\/v2\/pages\/245\/revisions\/1397"}],"wp:attachment":[{"href":"https:\/\/merotaure.lt\/index.php?rest_route=%2Fwp%2Fv2%2Fmedia&parent=245"}],"curies":[{"name":"wp","href":"https:\/\/api.w.org\/{rel}","templated":true}]}}