{"id":249,"date":"2023-11-15T11:43:10","date_gmt":"2023-11-15T11:43:10","guid":{"rendered":"http:\/\/merotaure.lt\/?page_id=249"},"modified":"2024-11-04T15:03:48","modified_gmt":"2024-11-04T13:03:48","slug":"apie-lyga","status":"publish","type":"page","link":"https:\/\/merotaure.lt\/?page_id=249","title":{"rendered":"Apie lyg\u0105"},"content":{"rendered":"<p style=\"text-align: left;\">\u012e Vilkavi\u0161k\u012f sugr\u012f\u017eta m\u0117g\u0117j\u0173 krep\u0161inis, kuris nuo \u0161iol vadinsis Vilkavi\u0161kio rajono krep\u0161inio pirmenyb\u0117s Mero taurei laim\u0117ti. Pirmenybi\u0173 tikslas populiarinti krep\u0161inio \u017eaidim\u0105 tarp visuomen\u0117s, pritraukti kuo daugiau dalyvi\u0173 ir \u017ei\u016brov\u0173, skatinti visuomen\u0119 aktyviai sportuoti, i\u0161reik\u0161ti sportinius geb\u0117jimus.<\/p>\n","protected":false},"excerpt":{"rendered":"<p>\u012e Vilkavi\u0161k\u012f sugr\u012f\u017eta m\u0117g\u0117j\u0173 krep\u0161inis, kuris nuo \u0161iol vadinsis Vilkavi\u0161kio rajono krep\u0161inio pirmenyb\u0117s Mero taurei laim\u0117ti. Pirmenybi\u0173 tikslas populiarinti krep\u0161inio \u017eaidim\u0105 tarp visuomen\u0117s, pritraukti kuo daugiau dalyvi\u0173 ir \u017ei\u016brov\u0173, skatinti visuomen\u0119 aktyviai sportuoti, i\u0161reik\u0161ti sportinius geb\u0117jimus.<\/p>\n","protected":false},"author":1,"featured_media":0,"parent":0,"menu_order":0,"comment_status":"closed","ping_status":"closed","template":"","meta":{"footnotes":""},"class_list":["post-249","page","type-page","status-publish","hentry"],"_links":{"self":[{"href":"https:\/\/merotaure.lt\/index.php?rest_route=\/wp\/v2\/pages\/249"}],"collection":[{"href":"https:\/\/merotaure.lt\/index.php?rest_route=\/wp\/v2\/pages"}],"about":[{"href":"https:\/\/merotaure.lt\/index.php?rest_route=\/wp\/v2\/types\/page"}],"author":[{"embeddable":true,"href":"https:\/\/merotaure.lt\/index.php?rest_route=\/wp\/v2\/users\/1"}],"replies":[{"embeddable":true,"href":"https:\/\/merotaure.lt\/index.php?rest_route=%2Fwp%2Fv2%2Fcomments&post=249"}],"version-history":[{"count":4,"href":"https:\/\/merotaure.lt\/index.php?rest_route=\/wp\/v2\/pages\/249\/revisions"}],"predecessor-version":[{"id":835,"href":"https:\/\/merotaure.lt\/index.php?rest_route=\/wp\/v2\/pages\/249\/revisions\/835"}],"wp:attachment":[{"href":"https:\/\/merotaure.lt\/index.php?rest_route=%2Fwp%2Fv2%2Fmedia&parent=249"}],"curies":[{"name":"wp","href":"https:\/\/api.w.org\/{rel}","templated":true}]}}