{"id":77,"date":"2023-11-14T09:12:00","date_gmt":"2023-11-14T09:12:00","guid":{"rendered":"http:\/\/merotaure.lt\/?page_id=77"},"modified":"2026-03-02T20:29:32","modified_gmt":"2026-03-02T18:29:32","slug":"league-table","status":"publish","type":"page","link":"https:\/\/merotaure.lt\/?page_id=77","title":{"rendered":"Turnyrin\u0117 lentel\u0117"},"content":{"rendered":"<p>Reguliarusis sezonas baig\u0117si&#8230;<\/p>\n","protected":false},"excerpt":{"rendered":"<p>Reguliarusis sezonas baig\u0117si&#8230;<\/p>\n","protected":false},"author":1,"featured_media":0,"parent":0,"menu_order":0,"comment_status":"closed","ping_status":"closed","template":"","meta":{"footnotes":""},"class_list":["post-77","page","type-page","status-publish","hentry"],"_links":{"self":[{"href":"https:\/\/merotaure.lt\/index.php?rest_route=\/wp\/v2\/pages\/77"}],"collection":[{"href":"https:\/\/merotaure.lt\/index.php?rest_route=\/wp\/v2\/pages"}],"about":[{"href":"https:\/\/merotaure.lt\/index.php?rest_route=\/wp\/v2\/types\/page"}],"author":[{"embeddable":true,"href":"https:\/\/merotaure.lt\/index.php?rest_route=\/wp\/v2\/users\/1"}],"replies":[{"embeddable":true,"href":"https:\/\/merotaure.lt\/index.php?rest_route=%2Fwp%2Fv2%2Fcomments&post=77"}],"version-history":[{"count":10,"href":"https:\/\/merotaure.lt\/index.php?rest_route=\/wp\/v2\/pages\/77\/revisions"}],"predecessor-version":[{"id":1508,"href":"https:\/\/merotaure.lt\/index.php?rest_route=\/wp\/v2\/pages\/77\/revisions\/1508"}],"wp:attachment":[{"href":"https:\/\/merotaure.lt\/index.php?rest_route=%2Fwp%2Fv2%2Fmedia&parent=77"}],"curies":[{"name":"wp","href":"https:\/\/api.w.org\/{rel}","templated":true}]}}